{"id":104,"date":"2023-11-14T10:40:17","date_gmt":"2023-11-14T10:40:17","guid":{"rendered":"https:\/\/theeggbrussels.com\/egg24\/?page_id=104"},"modified":"2026-03-13T13:59:30","modified_gmt":"2026-03-13T13:59:30","slug":"a-propos","status":"publish","type":"page","link":"https:\/\/theeggbrussels.com\/fr\/a-propos\/","title":{"rendered":"A propos"},"content":{"rendered":"","protected":false},"excerpt":{"rendered":"","protected":false},"author":1,"featured_media":0,"parent":0,"menu_order":0,"comment_status":"closed","ping_status":"closed","template":"tpl-about.php","meta":{"footnotes":""},"class_list":["post-104","page","type-page","status-publish","hentry"],"acf":[],"yoast_head":"<!-- This site is optimized with the Yoast SEO plugin v26.9 - https:\/\/yoast.com\/product\/yoast-seo-wordpress\/ -->\n<title>Un centre de convention au coeur de Bruxelles - Theegg<\/title>\n<meta name=\"description\" content=\"D\u00e9couvrez notre centre de conventions de renomm\u00e9e mondiale \u00e0 The EGG. Un espace id\u00e9al pour accueillir vos \u00e9v\u00e9nements d&#039;envergure. Prenez contact avec nos \u00e9quipes.\" \/>\n<meta name=\"robots\" content=\"index, follow, max-snippet:-1, max-image-preview:large, max-video-preview:-1\" \/>\n<link rel=\"canonical\" href=\"https:\/\/theeggbrussels.com\/fr\/a-propos\/\" \/>\n<meta property=\"og:locale\" content=\"fr_FR\" \/>\n<meta property=\"og:type\" content=\"article\" \/>\n<meta property=\"og:title\" content=\"Un centre de convention au coeur de Bruxelles - Theegg\" \/>\n<meta property=\"og:description\" content=\"D\u00e9couvrez notre centre de conventions de renomm\u00e9e mondiale \u00e0 The EGG. Un espace id\u00e9al pour accueillir vos \u00e9v\u00e9nements d&#039;envergure. Prenez contact avec nos \u00e9quipes.\" \/>\n<meta property=\"og:url\" content=\"https:\/\/theeggbrussels.com\/fr\/a-propos\/\" \/>\n<meta property=\"og:site_name\" content=\"Theegg\" \/>\n<meta property=\"article:modified_time\" content=\"2026-03-13T13:59:30+00:00\" \/>\n<meta name=\"twitter:card\" content=\"summary_large_image\" \/>\n<script type=\"application\/ld+json\" class=\"yoast-schema-graph\">{\"@context\":\"https:\/\/schema.org\",\"@graph\":[{\"@type\":\"WebPage\",\"@id\":\"https:\/\/theeggbrussels.com\/fr\/a-propos\/\",\"url\":\"https:\/\/theeggbrussels.com\/fr\/a-propos\/\",\"name\":\"Un centre de convention au coeur de Bruxelles - Theegg\",\"isPartOf\":{\"@id\":\"https:\/\/theeggbrussels.com\/#website\"},\"datePublished\":\"2023-11-14T10:40:17+00:00\",\"dateModified\":\"2026-03-13T13:59:30+00:00\",\"description\":\"D\u00e9couvrez notre centre de conventions de renomm\u00e9e mondiale \u00e0 The EGG. Un espace id\u00e9al pour accueillir vos \u00e9v\u00e9nements d'envergure. Prenez contact avec nos \u00e9quipes.\",\"breadcrumb\":{\"@id\":\"https:\/\/theeggbrussels.com\/fr\/a-propos\/#breadcrumb\"},\"inLanguage\":\"fr-FR\",\"potentialAction\":[{\"@type\":\"ReadAction\",\"target\":[\"https:\/\/theeggbrussels.com\/fr\/a-propos\/\"]}]},{\"@type\":\"BreadcrumbList\",\"@id\":\"https:\/\/theeggbrussels.com\/fr\/a-propos\/#breadcrumb\",\"itemListElement\":[{\"@type\":\"ListItem\",\"position\":1,\"name\":\"Home\",\"item\":\"https:\/\/theeggbrussels.com\/fr\/\"},{\"@type\":\"ListItem\",\"position\":2,\"name\":\"A propos\"}]},{\"@type\":\"WebSite\",\"@id\":\"https:\/\/theeggbrussels.com\/#website\",\"url\":\"https:\/\/theeggbrussels.com\/\",\"name\":\"Theegg\",\"description\":\"\",\"potentialAction\":[{\"@type\":\"SearchAction\",\"target\":{\"@type\":\"EntryPoint\",\"urlTemplate\":\"https:\/\/theeggbrussels.com\/?s={search_term_string}\"},\"query-input\":{\"@type\":\"PropertyValueSpecification\",\"valueRequired\":true,\"valueName\":\"search_term_string\"}}],\"inLanguage\":\"fr-FR\"}]}<\/script>\n<!-- \/ Yoast SEO plugin. -->","yoast_head_json":{"title":"Un centre de convention au coeur de Bruxelles - Theegg","description":"D\u00e9couvrez notre centre de conventions de renomm\u00e9e mondiale \u00e0 The EGG. Un espace id\u00e9al pour accueillir vos \u00e9v\u00e9nements d'envergure. Prenez contact avec nos \u00e9quipes.","robots":{"index":"index","follow":"follow","max-snippet":"max-snippet:-1","max-image-preview":"max-image-preview:large","max-video-preview":"max-video-preview:-1"},"canonical":"https:\/\/theeggbrussels.com\/fr\/a-propos\/","og_locale":"fr_FR","og_type":"article","og_title":"Un centre de convention au coeur de Bruxelles - Theegg","og_description":"D\u00e9couvrez notre centre de conventions de renomm\u00e9e mondiale \u00e0 The EGG. Un espace id\u00e9al pour accueillir vos \u00e9v\u00e9nements d'envergure. Prenez contact avec nos \u00e9quipes.","og_url":"https:\/\/theeggbrussels.com\/fr\/a-propos\/","og_site_name":"Theegg","article_modified_time":"2026-03-13T13:59:30+00:00","twitter_card":"summary_large_image","schema":{"@context":"https:\/\/schema.org","@graph":[{"@type":"WebPage","@id":"https:\/\/theeggbrussels.com\/fr\/a-propos\/","url":"https:\/\/theeggbrussels.com\/fr\/a-propos\/","name":"Un centre de convention au coeur de Bruxelles - Theegg","isPartOf":{"@id":"https:\/\/theeggbrussels.com\/#website"},"datePublished":"2023-11-14T10:40:17+00:00","dateModified":"2026-03-13T13:59:30+00:00","description":"D\u00e9couvrez notre centre de conventions de renomm\u00e9e mondiale \u00e0 The EGG. Un espace id\u00e9al pour accueillir vos \u00e9v\u00e9nements d'envergure. Prenez contact avec nos \u00e9quipes.","breadcrumb":{"@id":"https:\/\/theeggbrussels.com\/fr\/a-propos\/#breadcrumb"},"inLanguage":"fr-FR","potentialAction":[{"@type":"ReadAction","target":["https:\/\/theeggbrussels.com\/fr\/a-propos\/"]}]},{"@type":"BreadcrumbList","@id":"https:\/\/theeggbrussels.com\/fr\/a-propos\/#breadcrumb","itemListElement":[{"@type":"ListItem","position":1,"name":"Home","item":"https:\/\/theeggbrussels.com\/fr\/"},{"@type":"ListItem","position":2,"name":"A propos"}]},{"@type":"WebSite","@id":"https:\/\/theeggbrussels.com\/#website","url":"https:\/\/theeggbrussels.com\/","name":"Theegg","description":"","potentialAction":[{"@type":"SearchAction","target":{"@type":"EntryPoint","urlTemplate":"https:\/\/theeggbrussels.com\/?s={search_term_string}"},"query-input":{"@type":"PropertyValueSpecification","valueRequired":true,"valueName":"search_term_string"}}],"inLanguage":"fr-FR"}]}},"_links":{"self":[{"href":"https:\/\/theeggbrussels.com\/fr\/wp-json\/wp\/v2\/pages\/104","targetHints":{"allow":["GET"]}}],"collection":[{"href":"https:\/\/theeggbrussels.com\/fr\/wp-json\/wp\/v2\/pages"}],"about":[{"href":"https:\/\/theeggbrussels.com\/fr\/wp-json\/wp\/v2\/types\/page"}],"author":[{"embeddable":true,"href":"https:\/\/theeggbrussels.com\/fr\/wp-json\/wp\/v2\/users\/1"}],"replies":[{"embeddable":true,"href":"https:\/\/theeggbrussels.com\/fr\/wp-json\/wp\/v2\/comments?post=104"}],"version-history":[{"count":37,"href":"https:\/\/theeggbrussels.com\/fr\/wp-json\/wp\/v2\/pages\/104\/revisions"}],"predecessor-version":[{"id":2836,"href":"https:\/\/theeggbrussels.com\/fr\/wp-json\/wp\/v2\/pages\/104\/revisions\/2836"}],"wp:attachment":[{"href":"https:\/\/theeggbrussels.com\/fr\/wp-json\/wp\/v2\/media?parent=104"}],"curies":[{"name":"wp","href":"https:\/\/api.w.org\/{rel}","templated":true}]}}