{"id":225,"date":"2023-11-20T14:23:00","date_gmt":"2023-11-20T14:23:00","guid":{"rendered":"https:\/\/theeggbrussels.com\/egg24\/?page_id=225"},"modified":"2026-02-13T14:40:49","modified_gmt":"2026-02-13T14:40:49","slug":"partenaires","status":"publish","type":"page","link":"https:\/\/theeggbrussels.com\/fr\/partenaires\/","title":{"rendered":"Partenaires"},"content":{"rendered":"<h2>Faites de votre \u00e9v\u00e9nement un moment inoubliable avec nos partenaires de confiance !<\/h2>\n<p>Dans notre grand centre de conf\u00e9rences, nous croyons que chaque \u00e9v\u00e9nement est une exp\u00e9rience unique. C\u2019est pourquoi nous collaborons \u00e9troitement avec des partenaires experts qui connaissent notre lieu sur le bout des doigts, garantissant ainsi que tout se d\u00e9roule sans accroc du d\u00e9but \u00e0 la fin. Que ce soit pour le support technique, le catering ou l\u2019h\u00e9bergement, nos partenaires de confiance sont l\u00e0 pour rendre votre \u00e9v\u00e9nement fluide et m\u00e9morable.<\/p>\n<p>Choisissez parmi notre partenaire technique, une s\u00e9lection de cinq traiteurs professionnels et quatre h\u00f4tels soigneusement s\u00e9lectionn\u00e9s, tous engag\u00e9s \u00e0 offrir l\u2019excellence. De plus, si vous avez vos propres fournisseurs ou traiteurs pr\u00e9f\u00e9r\u00e9s, vous \u00eates libre de les amener moyennant une redevance de bouchon.<\/p>\n","protected":false},"excerpt":{"rendered":"Faites de votre \u00e9v\u00e9nement un moment inoubliable avec nos partenaires de confiance ! Dans notre grand centre de conf\u00e9rences, nous croyons que chaque \u00e9v\u00e9nement est une exp\u00e9rience unique. C\u2019est pourquoi nous collaborons \u00e9troitement avec des partenaires experts qui connaissent notre lieu sur le bout des doigts, garantissant ainsi que tout se d\u00e9roule sans accroc du","protected":false},"author":1,"featured_media":0,"parent":0,"menu_order":0,"comment_status":"closed","ping_status":"closed","template":"tpl-partners.php","meta":{"footnotes":""},"class_list":["post-225","page","type-page","status-publish","hentry"],"acf":[],"yoast_head":"<!-- This site is optimized with the Yoast SEO plugin v26.9 - https:\/\/yoast.com\/product\/yoast-seo-wordpress\/ -->\n<title>Partenaires - Theegg<\/title>\n<meta name=\"robots\" content=\"index, follow, max-snippet:-1, max-image-preview:large, max-video-preview:-1\" \/>\n<link rel=\"canonical\" href=\"https:\/\/theeggbrussels.com\/fr\/partenaires\/\" \/>\n<meta property=\"og:locale\" content=\"fr_FR\" \/>\n<meta property=\"og:type\" content=\"article\" \/>\n<meta property=\"og:title\" content=\"Partenaires - Theegg\" \/>\n<meta property=\"og:description\" content=\"Faites de votre \u00e9v\u00e9nement un moment inoubliable avec nos partenaires de confiance ! Dans notre grand centre de conf\u00e9rences, nous croyons que chaque \u00e9v\u00e9nement est une exp\u00e9rience unique. C\u2019est pourquoi nous collaborons \u00e9troitement avec des partenaires experts qui connaissent notre lieu sur le bout des doigts, garantissant ainsi que tout se d\u00e9roule sans accroc du\" \/>\n<meta property=\"og:url\" content=\"https:\/\/theeggbrussels.com\/fr\/partenaires\/\" \/>\n<meta property=\"og:site_name\" content=\"Theegg\" \/>\n<meta property=\"article:modified_time\" content=\"2026-02-13T14:40:49+00:00\" \/>\n<meta name=\"twitter:card\" content=\"summary_large_image\" \/>\n<meta name=\"twitter:label1\" content=\"Dur\u00e9e de lecture estim\u00e9e\" \/>\n\t<meta name=\"twitter:data1\" content=\"1 minute\" \/>\n<script type=\"application\/ld+json\" class=\"yoast-schema-graph\">{\"@context\":\"https:\/\/schema.org\",\"@graph\":[{\"@type\":\"WebPage\",\"@id\":\"https:\/\/theeggbrussels.com\/fr\/partenaires\/\",\"url\":\"https:\/\/theeggbrussels.com\/fr\/partenaires\/\",\"name\":\"Partenaires - Theegg\",\"isPartOf\":{\"@id\":\"https:\/\/theeggbrussels.com\/#website\"},\"datePublished\":\"2023-11-20T14:23:00+00:00\",\"dateModified\":\"2026-02-13T14:40:49+00:00\",\"breadcrumb\":{\"@id\":\"https:\/\/theeggbrussels.com\/fr\/partenaires\/#breadcrumb\"},\"inLanguage\":\"fr-FR\",\"potentialAction\":[{\"@type\":\"ReadAction\",\"target\":[\"https:\/\/theeggbrussels.com\/fr\/partenaires\/\"]}]},{\"@type\":\"BreadcrumbList\",\"@id\":\"https:\/\/theeggbrussels.com\/fr\/partenaires\/#breadcrumb\",\"itemListElement\":[{\"@type\":\"ListItem\",\"position\":1,\"name\":\"Home\",\"item\":\"https:\/\/theeggbrussels.com\/fr\/\"},{\"@type\":\"ListItem\",\"position\":2,\"name\":\"Partenaires\"}]},{\"@type\":\"WebSite\",\"@id\":\"https:\/\/theeggbrussels.com\/#website\",\"url\":\"https:\/\/theeggbrussels.com\/\",\"name\":\"Theegg\",\"description\":\"\",\"potentialAction\":[{\"@type\":\"SearchAction\",\"target\":{\"@type\":\"EntryPoint\",\"urlTemplate\":\"https:\/\/theeggbrussels.com\/?s={search_term_string}\"},\"query-input\":{\"@type\":\"PropertyValueSpecification\",\"valueRequired\":true,\"valueName\":\"search_term_string\"}}],\"inLanguage\":\"fr-FR\"}]}<\/script>\n<!-- \/ Yoast SEO plugin. -->","yoast_head_json":{"title":"Partenaires - Theegg","robots":{"index":"index","follow":"follow","max-snippet":"max-snippet:-1","max-image-preview":"max-image-preview:large","max-video-preview":"max-video-preview:-1"},"canonical":"https:\/\/theeggbrussels.com\/fr\/partenaires\/","og_locale":"fr_FR","og_type":"article","og_title":"Partenaires - Theegg","og_description":"Faites de votre \u00e9v\u00e9nement un moment inoubliable avec nos partenaires de confiance ! Dans notre grand centre de conf\u00e9rences, nous croyons que chaque \u00e9v\u00e9nement est une exp\u00e9rience unique. C\u2019est pourquoi nous collaborons \u00e9troitement avec des partenaires experts qui connaissent notre lieu sur le bout des doigts, garantissant ainsi que tout se d\u00e9roule sans accroc du","og_url":"https:\/\/theeggbrussels.com\/fr\/partenaires\/","og_site_name":"Theegg","article_modified_time":"2026-02-13T14:40:49+00:00","twitter_card":"summary_large_image","twitter_misc":{"Dur\u00e9e de lecture estim\u00e9e":"1 minute"},"schema":{"@context":"https:\/\/schema.org","@graph":[{"@type":"WebPage","@id":"https:\/\/theeggbrussels.com\/fr\/partenaires\/","url":"https:\/\/theeggbrussels.com\/fr\/partenaires\/","name":"Partenaires - Theegg","isPartOf":{"@id":"https:\/\/theeggbrussels.com\/#website"},"datePublished":"2023-11-20T14:23:00+00:00","dateModified":"2026-02-13T14:40:49+00:00","breadcrumb":{"@id":"https:\/\/theeggbrussels.com\/fr\/partenaires\/#breadcrumb"},"inLanguage":"fr-FR","potentialAction":[{"@type":"ReadAction","target":["https:\/\/theeggbrussels.com\/fr\/partenaires\/"]}]},{"@type":"BreadcrumbList","@id":"https:\/\/theeggbrussels.com\/fr\/partenaires\/#breadcrumb","itemListElement":[{"@type":"ListItem","position":1,"name":"Home","item":"https:\/\/theeggbrussels.com\/fr\/"},{"@type":"ListItem","position":2,"name":"Partenaires"}]},{"@type":"WebSite","@id":"https:\/\/theeggbrussels.com\/#website","url":"https:\/\/theeggbrussels.com\/","name":"Theegg","description":"","potentialAction":[{"@type":"SearchAction","target":{"@type":"EntryPoint","urlTemplate":"https:\/\/theeggbrussels.com\/?s={search_term_string}"},"query-input":{"@type":"PropertyValueSpecification","valueRequired":true,"valueName":"search_term_string"}}],"inLanguage":"fr-FR"}]}},"_links":{"self":[{"href":"https:\/\/theeggbrussels.com\/fr\/wp-json\/wp\/v2\/pages\/225","targetHints":{"allow":["GET"]}}],"collection":[{"href":"https:\/\/theeggbrussels.com\/fr\/wp-json\/wp\/v2\/pages"}],"about":[{"href":"https:\/\/theeggbrussels.com\/fr\/wp-json\/wp\/v2\/types\/page"}],"author":[{"embeddable":true,"href":"https:\/\/theeggbrussels.com\/fr\/wp-json\/wp\/v2\/users\/1"}],"replies":[{"embeddable":true,"href":"https:\/\/theeggbrussels.com\/fr\/wp-json\/wp\/v2\/comments?post=225"}],"version-history":[{"count":29,"href":"https:\/\/theeggbrussels.com\/fr\/wp-json\/wp\/v2\/pages\/225\/revisions"}],"predecessor-version":[{"id":2636,"href":"https:\/\/theeggbrussels.com\/fr\/wp-json\/wp\/v2\/pages\/225\/revisions\/2636"}],"wp:attachment":[{"href":"https:\/\/theeggbrussels.com\/fr\/wp-json\/wp\/v2\/media?parent=225"}],"curies":[{"name":"wp","href":"https:\/\/api.w.org\/{rel}","templated":true}]}}