{"id":2450,"date":"2026-01-15T08:44:52","date_gmt":"2026-01-15T08:44:52","guid":{"rendered":"https:\/\/theeggbrussels.com\/?page_id=2450"},"modified":"2026-01-15T14:38:41","modified_gmt":"2026-01-15T14:38:41","slug":"notre-lieu-de-prestige-votre-nid-creatif","status":"publish","type":"page","link":"https:\/\/theeggbrussels.com\/fr\/notre-lieu-de-prestige-votre-nid-creatif\/","title":{"rendered":"Notre lieu de prestige, votre nid cr\u00e9atif"},"content":{"rendered":"<p>Rapide coup de vue en 1 minute : 7 grandes salles principales, de 80 \u00e0 900 personnes, et 15 salles modulables pour des ateliers, r\u00e9unions ou formats plus intimistes. Chaque espace est lumineux, modulable et pens\u00e9 pour accueillir tous types d\u2019\u00e9v\u00e9nements, du workshop au d\u00eener en passant par le th\u00e9\u00e2tre ou le networking.<\/p>\n<p>Voyez par vous-m\u00eame comment chaque salle, chaque recoin et chaque ambiance peut s\u2019adapter \u00e0 vos projets professionnels. Tout est pr\u00eat pour vous accueillir et transformer vos \u00e9v\u00e9nements en succ\u00e8s.<\/p>\n<p>On se voit cette ann\u00e9e ?<\/p>\n<p>On vous attend pour vos prochains \u00e9v\u00e9nements !<\/p>\n<p>Robin, Elisa, Jeoffrey &amp; C\u00e9line<\/p>\n<p><a class=\"btn btn-primary\" href=\"https:\/\/theeggbrussels.com\/fr\/contact\/\">Contactez-nous<\/a><\/p>\n","protected":false},"excerpt":{"rendered":"Rapide coup de vue en 1 minute : 7 grandes salles principales, de 80 \u00e0 900 personnes, et 15 salles modulables pour des ateliers, r\u00e9unions ou formats plus intimistes. Chaque espace est lumineux, modulable et pens\u00e9 pour accueillir tous types d\u2019\u00e9v\u00e9nements, du workshop au d\u00eener en passant par le th\u00e9\u00e2tre ou le networking. Voyez par","protected":false},"author":1,"featured_media":2197,"parent":0,"menu_order":0,"comment_status":"closed","ping_status":"closed","template":"tpl-video.php","meta":{"footnotes":""},"class_list":["post-2450","page","type-page","status-publish","has-post-thumbnail","hentry"],"acf":[],"yoast_head":"<!-- This site is optimized with the Yoast SEO plugin v26.9 - https:\/\/yoast.com\/product\/yoast-seo-wordpress\/ -->\n<title>Notre lieu de prestige, votre nid cr\u00e9atif - Theegg<\/title>\n<meta name=\"robots\" content=\"index, follow, max-snippet:-1, max-image-preview:large, max-video-preview:-1\" \/>\n<link rel=\"canonical\" href=\"https:\/\/theeggbrussels.com\/fr\/notre-lieu-de-prestige-votre-nid-creatif\/\" \/>\n<meta property=\"og:locale\" content=\"fr_FR\" \/>\n<meta property=\"og:type\" content=\"article\" \/>\n<meta property=\"og:title\" content=\"Notre lieu de prestige, votre nid cr\u00e9atif - Theegg\" \/>\n<meta property=\"og:description\" content=\"Rapide coup de vue en 1 minute : 7 grandes salles principales, de 80 \u00e0 900 personnes, et 15 salles modulables pour des ateliers, r\u00e9unions ou formats plus intimistes. Chaque espace est lumineux, modulable et pens\u00e9 pour accueillir tous types d\u2019\u00e9v\u00e9nements, du workshop au d\u00eener en passant par le th\u00e9\u00e2tre ou le networking. Voyez par\" \/>\n<meta property=\"og:url\" content=\"https:\/\/theeggbrussels.com\/fr\/notre-lieu-de-prestige-votre-nid-creatif\/\" \/>\n<meta property=\"og:site_name\" content=\"Theegg\" \/>\n<meta property=\"article:modified_time\" content=\"2026-01-15T14:38:41+00:00\" \/>\n<meta property=\"og:image\" content=\"https:\/\/theeggbrussels.com\/wp-content\/uploads\/2025\/09\/Article-1-EGG-HERA-5-scaled.webp\" \/>\n\t<meta property=\"og:image:width\" content=\"2560\" \/>\n\t<meta property=\"og:image:height\" content=\"1703\" \/>\n\t<meta property=\"og:image:type\" content=\"image\/jpeg\" \/>\n<meta name=\"twitter:card\" content=\"summary_large_image\" \/>\n<meta name=\"twitter:label1\" content=\"Dur\u00e9e de lecture estim\u00e9e\" \/>\n\t<meta name=\"twitter:data1\" content=\"1 minute\" \/>\n<script type=\"application\/ld+json\" class=\"yoast-schema-graph\">{\"@context\":\"https:\/\/schema.org\",\"@graph\":[{\"@type\":\"WebPage\",\"@id\":\"https:\/\/theeggbrussels.com\/fr\/notre-lieu-de-prestige-votre-nid-creatif\/\",\"url\":\"https:\/\/theeggbrussels.com\/fr\/notre-lieu-de-prestige-votre-nid-creatif\/\",\"name\":\"Notre lieu de prestige, votre nid cr\u00e9atif - Theegg\",\"isPartOf\":{\"@id\":\"https:\/\/theeggbrussels.com\/#website\"},\"primaryImageOfPage\":{\"@id\":\"https:\/\/theeggbrussels.com\/fr\/notre-lieu-de-prestige-votre-nid-creatif\/#primaryimage\"},\"image\":{\"@id\":\"https:\/\/theeggbrussels.com\/fr\/notre-lieu-de-prestige-votre-nid-creatif\/#primaryimage\"},\"thumbnailUrl\":\"https:\/\/theeggbrussels.com\/wp-content\/uploads\/2025\/09\/Article-1-EGG-HERA-5-scaled.webp\",\"datePublished\":\"2026-01-15T08:44:52+00:00\",\"dateModified\":\"2026-01-15T14:38:41+00:00\",\"breadcrumb\":{\"@id\":\"https:\/\/theeggbrussels.com\/fr\/notre-lieu-de-prestige-votre-nid-creatif\/#breadcrumb\"},\"inLanguage\":\"fr-FR\",\"potentialAction\":[{\"@type\":\"ReadAction\",\"target\":[\"https:\/\/theeggbrussels.com\/fr\/notre-lieu-de-prestige-votre-nid-creatif\/\"]}]},{\"@type\":\"ImageObject\",\"inLanguage\":\"fr-FR\",\"@id\":\"https:\/\/theeggbrussels.com\/fr\/notre-lieu-de-prestige-votre-nid-creatif\/#primaryimage\",\"url\":\"https:\/\/theeggbrussels.com\/wp-content\/uploads\/2025\/09\/Article-1-EGG-HERA-5-scaled.webp\",\"contentUrl\":\"https:\/\/theeggbrussels.com\/wp-content\/uploads\/2025\/09\/Article-1-EGG-HERA-5-scaled.webp\",\"width\":2560,\"height\":1703},{\"@type\":\"BreadcrumbList\",\"@id\":\"https:\/\/theeggbrussels.com\/fr\/notre-lieu-de-prestige-votre-nid-creatif\/#breadcrumb\",\"itemListElement\":[{\"@type\":\"ListItem\",\"position\":1,\"name\":\"Home\",\"item\":\"https:\/\/theeggbrussels.com\/fr\/\"},{\"@type\":\"ListItem\",\"position\":2,\"name\":\"Notre lieu de prestige, votre nid cr\u00e9atif\"}]},{\"@type\":\"WebSite\",\"@id\":\"https:\/\/theeggbrussels.com\/#website\",\"url\":\"https:\/\/theeggbrussels.com\/\",\"name\":\"Theegg\",\"description\":\"\",\"potentialAction\":[{\"@type\":\"SearchAction\",\"target\":{\"@type\":\"EntryPoint\",\"urlTemplate\":\"https:\/\/theeggbrussels.com\/?s={search_term_string}\"},\"query-input\":{\"@type\":\"PropertyValueSpecification\",\"valueRequired\":true,\"valueName\":\"search_term_string\"}}],\"inLanguage\":\"fr-FR\"}]}<\/script>\n<!-- \/ Yoast SEO plugin. -->","yoast_head_json":{"title":"Notre lieu de prestige, votre nid cr\u00e9atif - Theegg","robots":{"index":"index","follow":"follow","max-snippet":"max-snippet:-1","max-image-preview":"max-image-preview:large","max-video-preview":"max-video-preview:-1"},"canonical":"https:\/\/theeggbrussels.com\/fr\/notre-lieu-de-prestige-votre-nid-creatif\/","og_locale":"fr_FR","og_type":"article","og_title":"Notre lieu de prestige, votre nid cr\u00e9atif - Theegg","og_description":"Rapide coup de vue en 1 minute : 7 grandes salles principales, de 80 \u00e0 900 personnes, et 15 salles modulables pour des ateliers, r\u00e9unions ou formats plus intimistes. Chaque espace est lumineux, modulable et pens\u00e9 pour accueillir tous types d\u2019\u00e9v\u00e9nements, du workshop au d\u00eener en passant par le th\u00e9\u00e2tre ou le networking. Voyez par","og_url":"https:\/\/theeggbrussels.com\/fr\/notre-lieu-de-prestige-votre-nid-creatif\/","og_site_name":"Theegg","article_modified_time":"2026-01-15T14:38:41+00:00","og_image":[{"width":2560,"height":1703,"url":"https:\/\/theeggbrussels.com\/wp-content\/uploads\/2025\/09\/Article-1-EGG-HERA-5-scaled.webp","type":"image\/jpeg"}],"twitter_card":"summary_large_image","twitter_misc":{"Dur\u00e9e de lecture estim\u00e9e":"1 minute"},"schema":{"@context":"https:\/\/schema.org","@graph":[{"@type":"WebPage","@id":"https:\/\/theeggbrussels.com\/fr\/notre-lieu-de-prestige-votre-nid-creatif\/","url":"https:\/\/theeggbrussels.com\/fr\/notre-lieu-de-prestige-votre-nid-creatif\/","name":"Notre lieu de prestige, votre nid cr\u00e9atif - Theegg","isPartOf":{"@id":"https:\/\/theeggbrussels.com\/#website"},"primaryImageOfPage":{"@id":"https:\/\/theeggbrussels.com\/fr\/notre-lieu-de-prestige-votre-nid-creatif\/#primaryimage"},"image":{"@id":"https:\/\/theeggbrussels.com\/fr\/notre-lieu-de-prestige-votre-nid-creatif\/#primaryimage"},"thumbnailUrl":"https:\/\/theeggbrussels.com\/wp-content\/uploads\/2025\/09\/Article-1-EGG-HERA-5-scaled.webp","datePublished":"2026-01-15T08:44:52+00:00","dateModified":"2026-01-15T14:38:41+00:00","breadcrumb":{"@id":"https:\/\/theeggbrussels.com\/fr\/notre-lieu-de-prestige-votre-nid-creatif\/#breadcrumb"},"inLanguage":"fr-FR","potentialAction":[{"@type":"ReadAction","target":["https:\/\/theeggbrussels.com\/fr\/notre-lieu-de-prestige-votre-nid-creatif\/"]}]},{"@type":"ImageObject","inLanguage":"fr-FR","@id":"https:\/\/theeggbrussels.com\/fr\/notre-lieu-de-prestige-votre-nid-creatif\/#primaryimage","url":"https:\/\/theeggbrussels.com\/wp-content\/uploads\/2025\/09\/Article-1-EGG-HERA-5-scaled.webp","contentUrl":"https:\/\/theeggbrussels.com\/wp-content\/uploads\/2025\/09\/Article-1-EGG-HERA-5-scaled.webp","width":2560,"height":1703},{"@type":"BreadcrumbList","@id":"https:\/\/theeggbrussels.com\/fr\/notre-lieu-de-prestige-votre-nid-creatif\/#breadcrumb","itemListElement":[{"@type":"ListItem","position":1,"name":"Home","item":"https:\/\/theeggbrussels.com\/fr\/"},{"@type":"ListItem","position":2,"name":"Notre lieu de prestige, votre nid cr\u00e9atif"}]},{"@type":"WebSite","@id":"https:\/\/theeggbrussels.com\/#website","url":"https:\/\/theeggbrussels.com\/","name":"Theegg","description":"","potentialAction":[{"@type":"SearchAction","target":{"@type":"EntryPoint","urlTemplate":"https:\/\/theeggbrussels.com\/?s={search_term_string}"},"query-input":{"@type":"PropertyValueSpecification","valueRequired":true,"valueName":"search_term_string"}}],"inLanguage":"fr-FR"}]}},"_links":{"self":[{"href":"https:\/\/theeggbrussels.com\/fr\/wp-json\/wp\/v2\/pages\/2450","targetHints":{"allow":["GET"]}}],"collection":[{"href":"https:\/\/theeggbrussels.com\/fr\/wp-json\/wp\/v2\/pages"}],"about":[{"href":"https:\/\/theeggbrussels.com\/fr\/wp-json\/wp\/v2\/types\/page"}],"author":[{"embeddable":true,"href":"https:\/\/theeggbrussels.com\/fr\/wp-json\/wp\/v2\/users\/1"}],"replies":[{"embeddable":true,"href":"https:\/\/theeggbrussels.com\/fr\/wp-json\/wp\/v2\/comments?post=2450"}],"version-history":[{"count":1,"href":"https:\/\/theeggbrussels.com\/fr\/wp-json\/wp\/v2\/pages\/2450\/revisions"}],"predecessor-version":[{"id":2451,"href":"https:\/\/theeggbrussels.com\/fr\/wp-json\/wp\/v2\/pages\/2450\/revisions\/2451"}],"wp:featuredmedia":[{"embeddable":true,"href":"https:\/\/theeggbrussels.com\/fr\/wp-json\/wp\/v2\/media\/2197"}],"wp:attachment":[{"href":"https:\/\/theeggbrussels.com\/fr\/wp-json\/wp\/v2\/media?parent=2450"}],"curies":[{"name":"wp","href":"https:\/\/api.w.org\/{rel}","templated":true}]}}