{"id":261,"date":"2023-11-20T15:22:04","date_gmt":"2023-11-20T15:22:04","guid":{"rendered":"https:\/\/theeggbrussels.com\/egg24\/?page_id=261"},"modified":"2026-03-05T13:38:13","modified_gmt":"2026-03-05T13:38:13","slug":"documents","status":"publish","type":"page","link":"https:\/\/theeggbrussels.com\/fr\/documents\/","title":{"rendered":"Documents"},"content":{"rendered":"<p>Retrouvez tous les documents n\u00e9cessaires \u00e0 la pr\u00e9paration de votre \u00e9v\u00e9nement, tels que notre brochure, notre logo, nos plans d\u2019acc\u00e8s et techniques, et plus encore. En cas de probl\u00e8me de t\u00e9l\u00e9chargement, contactez-nous par mail \u00e0 <a href=\"mailto:venues@eggbrussels.eu\">venues@eggbrussels.eu<\/a>.<\/p>\n","protected":false},"excerpt":{"rendered":"Retrouvez tous les documents n\u00e9cessaires \u00e0 la pr\u00e9paration de votre \u00e9v\u00e9nement, tels que notre brochure, notre logo, nos plans d\u2019acc\u00e8s et techniques, et plus encore. En cas de probl\u00e8me de t\u00e9l\u00e9chargement, contactez-nous par mail \u00e0 venues@eggbrussels.eu.","protected":false},"author":1,"featured_media":893,"parent":0,"menu_order":0,"comment_status":"closed","ping_status":"closed","template":"tpl-documents.php","meta":{"footnotes":""},"class_list":["post-261","page","type-page","status-publish","has-post-thumbnail","hentry"],"acf":[],"yoast_head":"<!-- This site is optimized with the Yoast SEO plugin v26.9 - https:\/\/yoast.com\/product\/yoast-seo-wordpress\/ -->\n<title>Documents - Theegg<\/title>\n<meta name=\"robots\" content=\"index, follow, max-snippet:-1, max-image-preview:large, max-video-preview:-1\" \/>\n<link rel=\"canonical\" href=\"https:\/\/theeggbrussels.com\/fr\/documents\/\" \/>\n<meta property=\"og:locale\" content=\"fr_FR\" \/>\n<meta property=\"og:type\" content=\"article\" \/>\n<meta property=\"og:title\" content=\"Documents - Theegg\" \/>\n<meta property=\"og:description\" content=\"Retrouvez tous les documents n\u00e9cessaires \u00e0 la pr\u00e9paration de votre \u00e9v\u00e9nement, tels que notre brochure, notre logo, nos plans d\u2019acc\u00e8s et techniques, et plus encore. En cas de probl\u00e8me de t\u00e9l\u00e9chargement, contactez-nous par mail \u00e0 venues@eggbrussels.eu.\" \/>\n<meta property=\"og:url\" content=\"https:\/\/theeggbrussels.com\/fr\/documents\/\" \/>\n<meta property=\"og:site_name\" content=\"Theegg\" \/>\n<meta property=\"article:modified_time\" content=\"2026-03-05T13:38:13+00:00\" \/>\n<meta property=\"og:image\" content=\"https:\/\/theeggbrussels.com\/wp-content\/uploads\/2023\/11\/Entrance-jpg-webp.webp\" \/>\n\t<meta property=\"og:image:width\" content=\"2534\" \/>\n\t<meta property=\"og:image:height\" content=\"1706\" \/>\n\t<meta property=\"og:image:type\" content=\"image\/jpeg\" \/>\n<meta name=\"twitter:card\" content=\"summary_large_image\" \/>\n<meta name=\"twitter:label1\" content=\"Dur\u00e9e de lecture estim\u00e9e\" \/>\n\t<meta name=\"twitter:data1\" content=\"1 minute\" \/>\n<script type=\"application\/ld+json\" class=\"yoast-schema-graph\">{\"@context\":\"https:\/\/schema.org\",\"@graph\":[{\"@type\":\"WebPage\",\"@id\":\"https:\/\/theeggbrussels.com\/fr\/documents\/\",\"url\":\"https:\/\/theeggbrussels.com\/fr\/documents\/\",\"name\":\"Documents - Theegg\",\"isPartOf\":{\"@id\":\"https:\/\/theeggbrussels.com\/#website\"},\"primaryImageOfPage\":{\"@id\":\"https:\/\/theeggbrussels.com\/fr\/documents\/#primaryimage\"},\"image\":{\"@id\":\"https:\/\/theeggbrussels.com\/fr\/documents\/#primaryimage\"},\"thumbnailUrl\":\"https:\/\/theeggbrussels.com\/wp-content\/uploads\/2023\/11\/Entrance-jpg-webp.webp\",\"datePublished\":\"2023-11-20T15:22:04+00:00\",\"dateModified\":\"2026-03-05T13:38:13+00:00\",\"breadcrumb\":{\"@id\":\"https:\/\/theeggbrussels.com\/fr\/documents\/#breadcrumb\"},\"inLanguage\":\"fr-FR\",\"potentialAction\":[{\"@type\":\"ReadAction\",\"target\":[\"https:\/\/theeggbrussels.com\/fr\/documents\/\"]}]},{\"@type\":\"ImageObject\",\"inLanguage\":\"fr-FR\",\"@id\":\"https:\/\/theeggbrussels.com\/fr\/documents\/#primaryimage\",\"url\":\"https:\/\/theeggbrussels.com\/wp-content\/uploads\/2023\/11\/Entrance-jpg-webp.webp\",\"contentUrl\":\"https:\/\/theeggbrussels.com\/wp-content\/uploads\/2023\/11\/Entrance-jpg-webp.webp\",\"width\":2534,\"height\":1706,\"caption\":\"Prestigious conference room in Brussels\"},{\"@type\":\"BreadcrumbList\",\"@id\":\"https:\/\/theeggbrussels.com\/fr\/documents\/#breadcrumb\",\"itemListElement\":[{\"@type\":\"ListItem\",\"position\":1,\"name\":\"Home\",\"item\":\"https:\/\/theeggbrussels.com\/fr\/\"},{\"@type\":\"ListItem\",\"position\":2,\"name\":\"Documents\"}]},{\"@type\":\"WebSite\",\"@id\":\"https:\/\/theeggbrussels.com\/#website\",\"url\":\"https:\/\/theeggbrussels.com\/\",\"name\":\"Theegg\",\"description\":\"\",\"potentialAction\":[{\"@type\":\"SearchAction\",\"target\":{\"@type\":\"EntryPoint\",\"urlTemplate\":\"https:\/\/theeggbrussels.com\/?s={search_term_string}\"},\"query-input\":{\"@type\":\"PropertyValueSpecification\",\"valueRequired\":true,\"valueName\":\"search_term_string\"}}],\"inLanguage\":\"fr-FR\"}]}<\/script>\n<!-- \/ Yoast SEO plugin. -->","yoast_head_json":{"title":"Documents - Theegg","robots":{"index":"index","follow":"follow","max-snippet":"max-snippet:-1","max-image-preview":"max-image-preview:large","max-video-preview":"max-video-preview:-1"},"canonical":"https:\/\/theeggbrussels.com\/fr\/documents\/","og_locale":"fr_FR","og_type":"article","og_title":"Documents - Theegg","og_description":"Retrouvez tous les documents n\u00e9cessaires \u00e0 la pr\u00e9paration de votre \u00e9v\u00e9nement, tels que notre brochure, notre logo, nos plans d\u2019acc\u00e8s et techniques, et plus encore. En cas de probl\u00e8me de t\u00e9l\u00e9chargement, contactez-nous par mail \u00e0 venues@eggbrussels.eu.","og_url":"https:\/\/theeggbrussels.com\/fr\/documents\/","og_site_name":"Theegg","article_modified_time":"2026-03-05T13:38:13+00:00","og_image":[{"width":2534,"height":1706,"url":"https:\/\/theeggbrussels.com\/wp-content\/uploads\/2023\/11\/Entrance-jpg-webp.webp","type":"image\/jpeg"}],"twitter_card":"summary_large_image","twitter_misc":{"Dur\u00e9e de lecture estim\u00e9e":"1 minute"},"schema":{"@context":"https:\/\/schema.org","@graph":[{"@type":"WebPage","@id":"https:\/\/theeggbrussels.com\/fr\/documents\/","url":"https:\/\/theeggbrussels.com\/fr\/documents\/","name":"Documents - Theegg","isPartOf":{"@id":"https:\/\/theeggbrussels.com\/#website"},"primaryImageOfPage":{"@id":"https:\/\/theeggbrussels.com\/fr\/documents\/#primaryimage"},"image":{"@id":"https:\/\/theeggbrussels.com\/fr\/documents\/#primaryimage"},"thumbnailUrl":"https:\/\/theeggbrussels.com\/wp-content\/uploads\/2023\/11\/Entrance-jpg-webp.webp","datePublished":"2023-11-20T15:22:04+00:00","dateModified":"2026-03-05T13:38:13+00:00","breadcrumb":{"@id":"https:\/\/theeggbrussels.com\/fr\/documents\/#breadcrumb"},"inLanguage":"fr-FR","potentialAction":[{"@type":"ReadAction","target":["https:\/\/theeggbrussels.com\/fr\/documents\/"]}]},{"@type":"ImageObject","inLanguage":"fr-FR","@id":"https:\/\/theeggbrussels.com\/fr\/documents\/#primaryimage","url":"https:\/\/theeggbrussels.com\/wp-content\/uploads\/2023\/11\/Entrance-jpg-webp.webp","contentUrl":"https:\/\/theeggbrussels.com\/wp-content\/uploads\/2023\/11\/Entrance-jpg-webp.webp","width":2534,"height":1706,"caption":"Prestigious conference room in Brussels"},{"@type":"BreadcrumbList","@id":"https:\/\/theeggbrussels.com\/fr\/documents\/#breadcrumb","itemListElement":[{"@type":"ListItem","position":1,"name":"Home","item":"https:\/\/theeggbrussels.com\/fr\/"},{"@type":"ListItem","position":2,"name":"Documents"}]},{"@type":"WebSite","@id":"https:\/\/theeggbrussels.com\/#website","url":"https:\/\/theeggbrussels.com\/","name":"Theegg","description":"","potentialAction":[{"@type":"SearchAction","target":{"@type":"EntryPoint","urlTemplate":"https:\/\/theeggbrussels.com\/?s={search_term_string}"},"query-input":{"@type":"PropertyValueSpecification","valueRequired":true,"valueName":"search_term_string"}}],"inLanguage":"fr-FR"}]}},"_links":{"self":[{"href":"https:\/\/theeggbrussels.com\/fr\/wp-json\/wp\/v2\/pages\/261","targetHints":{"allow":["GET"]}}],"collection":[{"href":"https:\/\/theeggbrussels.com\/fr\/wp-json\/wp\/v2\/pages"}],"about":[{"href":"https:\/\/theeggbrussels.com\/fr\/wp-json\/wp\/v2\/types\/page"}],"author":[{"embeddable":true,"href":"https:\/\/theeggbrussels.com\/fr\/wp-json\/wp\/v2\/users\/1"}],"replies":[{"embeddable":true,"href":"https:\/\/theeggbrussels.com\/fr\/wp-json\/wp\/v2\/comments?post=261"}],"version-history":[{"count":34,"href":"https:\/\/theeggbrussels.com\/fr\/wp-json\/wp\/v2\/pages\/261\/revisions"}],"predecessor-version":[{"id":2656,"href":"https:\/\/theeggbrussels.com\/fr\/wp-json\/wp\/v2\/pages\/261\/revisions\/2656"}],"wp:featuredmedia":[{"embeddable":true,"href":"https:\/\/theeggbrussels.com\/fr\/wp-json\/wp\/v2\/media\/893"}],"wp:attachment":[{"href":"https:\/\/theeggbrussels.com\/fr\/wp-json\/wp\/v2\/media?parent=261"}],"curies":[{"name":"wp","href":"https:\/\/api.w.org\/{rel}","templated":true}]}}